{"id":394,"date":"2020-06-04T08:38:48","date_gmt":"2020-06-04T08:38:48","guid":{"rendered":"http:\/\/karin-theiss.com\/?page_id=394"},"modified":"2022-03-17T12:15:16","modified_gmt":"2022-03-17T12:15:16","slug":"uber-mich-copy","status":"publish","type":"page","link":"http:\/\/karin-theiss.com\/?page_id=394","title":{"rendered":"die clownin"},"content":{"rendered":"<section class=\"wpb-content-wrapper\"><p>[vc_row el_class=&#8220;top-row&#8220;][vc_column width=&#8220;1\/2&#8243;][vc_empty_space height=&#8220;100px&#8220;][vc_custom_heading text=&#8220;die clownin&#8220; font_container=&#8220;tag:h1|text_align:left&#8220; use_theme_fonts=&#8220;yes&#8220; el_class=&#8220;page-title&#8220; css=&#8220;.vc_custom_1592215048353{padding-bottom: 20px !important;}&#8220;][vc_column_text]Seit <strong>2001 <\/strong>bin ich \u00f6ffentlich als Clownin zu sehen. Un\u00f6ffentlich seitdem ich auf der Welt bin.<\/p>\n<p>Ich <strong>liebe <\/strong>an der Clownerie die sich <strong>darin manifestierende Menschlichkeit<\/strong>\u00a0 und habe mich der Auslotung ihrer <strong>poetisch-skurrilen Vielschichtigkeit<\/strong> verschrieben. Ich gehe dem mit konsequentem Weiterarbeiten an Fragestellung und m\u00f6glichen Ausdrucksformen nach.<\/p>\n<p>Clownerie und Clowntheater <strong> machen froh.<\/strong><br \/>\nClownerie und Clowntheater <strong> machen gl\u00fccklich.<\/strong><br \/>\nClownerie und Clowntheater <strong> bereiten Freude.<\/strong><br \/>\nClownerie und Clowntheater <strong> verbreiten Freude.<\/strong><br \/>\nClownerie und Clowntheater sind immer eine Frage des Humors und niemals des Alters.<\/p>\n<p><strong>Soviele<\/strong> und meine Gr\u00fcnde zu <strong>tun, was ich tue<\/strong>.<br \/>\nDas tue ich <strong>genau:<\/strong><\/p>\n<ul>\n<li>Ein abendf\u00fcllendes Clowntheaterst\u00fcck<\/li>\n<li>Ein anpassungsf\u00e4higes f\u00fcr jede festliche Gelegenheit-St\u00fcck<\/li>\n<li>Eine spezial-angefertigte Clownin-Einlage f\u00fcr ein spezielles Fest<\/li>\n<li>Eine Clownin-Anwesenheit inmitten aller G\u00e4ste bei einem festiven Anlass<\/li>\n<\/ul>\n<p>Meine \u00f6ffentlichen Auftritte lassen sich erfahren \u00fcber<\/p>\n<ul>\n<li>die <a href=\"http:\/\/karin-theiss.com\/?post_type=event\">Termineseite,<\/a><\/li>\n<li><a href=\"https:\/\/www.facebook.com\/profile.php?id=100013285934303\">Facebook<\/a><\/li>\n<li>oder meinen <a href=\"http:\/\/karin-theiss.com\/?post_type=event#contact\">Newsletter<\/a><\/li>\n<\/ul>\n<p>Wenn Sie mich buchen m\u00f6chten f\u00fcr Ihren festlichen Anlass, rufen Sie mich an <strong>0699\/11553682 <\/strong>oder schreiben Sie mir <strong>post@karin-theiss.com. <\/strong>Dabei besprechen wir alles N\u00e4here und Weitere genau.[\/vc_column_text][\/vc_column][vc_column width=&#8220;1\/2&#8243;][vc_empty_space height=&#8220;25px&#8220; el_class=&#8220;mobile-hidden&#8220;][vc_empty_space height=&#8220;25px&#8220; el_class=&#8220;mobile-hidden&#8220;][vc_empty_space height=&#8220;25px&#8220; el_class=&#8220;mobile-hidden&#8220;][vc_single_image image=&#8220;925&#8243; img_size=&#8220;full&#8220; alignment=&#8220;center&#8220; el_class=&#8220;image-bordered&#8220;][\/vc_column][\/vc_row][vc_row el_class=&#8220;top-row&#8220;][vc_column width=&#8220;1\/2&#8243;][vc_empty_space height=&#8220;100px&#8220;][vc_empty_space height=&#8220;100px&#8220;][vc_custom_heading text=&#8220;stimmen&#8220; font_container=&#8220;tag:h1|text_align:left|color:%23000000&#8243; use_theme_fonts=&#8220;yes&#8220; el_class=&#8220;page-title&#8220; css=&#8220;.vc_custom_1647517519999{padding-bottom: 20px !important;}&#8220;][vc_column_text]<em>zum neuen abendf\u00fcllenden Clowntheaterst\u00fcck<\/em>[\/vc_column_text][vc_column_text][\/vc_column_text][\/vc_column][vc_column width=&#8220;1\/2&#8243;][vc_empty_space height=&#8220;100px&#8220;][vc_empty_space height=&#8220;25px&#8220; el_class=&#8220;mobile-hidden&#8220;][vc_column_text]<strong>&#8222;Ganz gro\u00dfe Klasse!&#8220;<\/strong><\/p>\n<p><strong>&#8222;War gro\u00dfartig! Dankesch\u00f6n.&#8220;<\/strong><\/p>\n<p><strong>&#8222;Inspiriert und durchgesch\u00fcttelt vom Lachen! Danke.&#8220;<\/strong><em><br \/>\n<\/em><\/p>\n<p><strong>&#8222;Witz und W\u00fcrde! Danke f\u00fcr den vergn\u00fcglichen Abend!&#8220;<\/strong><\/p>\n<p><strong>&#8222;Super Sache die Message, toller Gesang und schr\u00e4ge Figur. Mehr davon!&#8220;<\/strong><\/p>\n<p><strong>&#8222;Von Tixo &amp; dramaturgischen \u00dcberraschungen gefesselt. Danke f\u00fcr die humorvolle Stunde!&#8220;<\/strong><\/p>\n<p><strong>&#8222;Ich glaub, ich hab jetzt gecheckt, was wir Clowns zeigen m\u00f6chten, danke dir daf\u00fcr. Es war k\u00f6stlich!&#8220;<\/strong><\/p>\n<p><strong>&#8222;Sensationell!&#8220;<\/strong>[\/vc_column_text][\/vc_column][\/vc_row][vc_row][vc_column][vc_empty_space height=&#8220;50px&#8220;][\/vc_column][\/vc_row][vc_row][vc_column][vc_empty_space height=&#8220;50px&#8220;][\/vc_column][\/vc_row][vc_row][vc_column][vc_empty_space height=&#8220;50px&#8220;][\/vc_column][\/vc_row][vc_row el_class=&#8220;top-row&#8220;][vc_column width=&#8220;1\/2&#8243;][vc_single_image image=&#8220;20&#8243; img_size=&#8220;full&#8220; alignment=&#8220;center&#8220; el_class=&#8220;image-bordered&#8220;][vc_empty_space height=&#8220;100px&#8220;][vc_empty_space height=&#8220;25px&#8220; el_class=&#8220;mobile-hidden&#8220;][\/vc_column][vc_column width=&#8220;1\/2&#8243;][vc_empty_space height=&#8220;25px&#8220; el_class=&#8220;mobile-hidden&#8220;][vc_column_text]<\/p>\n<h4 style=\"margin-bottom: 20px;\">Das neue St\u00fcck!<\/h4>\n<h6>Joseffa sitzt auf der Zeit<\/h6>\n<p>Ein Clowntheaterabend<\/p>\n<p>Das Ansinnen ist schlicht. Zeitunglesen bei liebstem Hei\u00dfgetr\u00e4nk. Also. Beste Voraussetzung f\u00fcr die immer Abzweigungen der Clownin. Joseffa. Zu immer gefundenen Vergn\u00fcgungen. Hier. Durch Zeitung. Papier. Immer aufgefundenen Schwernissen. In Zeitung. Papier. Und immer dann doch Sch\u00f6nheit. Aus Zeitung. Papier. Und immer. Mit W\u00fcrde. Mit Joseffa.<\/p>\n<div class=\"o9v6fnle cxmmr5t8 oygrvhab hcukyx3x c1et5uql\"><em>Idee, Spiel und St\u00fcck:<\/em> Karin Theiss<br \/>\n<em>Regie und St\u00fcck:<\/em> Michael Hofkirchner<\/div>\n<div><\/div>\n<div>.<\/div>\n<div><a href=\"http:\/\/karin-theiss.com\/?post_type=event\"><strong>Akutelle Termine<\/strong><\/a><\/div>\n<p>[\/vc_column_text][\/vc_column][\/vc_row][vc_row][vc_column][vc_empty_space height=&#8220;50px&#8220;][\/vc_column][\/vc_row][vc_row el_class=&#8220;orange-row&#8220; css=&#8220;.vc_custom_1526136693912{margin-top: 100px !important;padding-bottom: 200px !important;}&#8220;][vc_column][vc_row_inner el_class=&#8220;heading-container&#8220;][vc_column_inner][vc_custom_heading text=&#8220;referenzen&#8220; font_container=&#8220;tag:h3|text_align:center&#8220; use_theme_fonts=&#8220;yes&#8220;][\/vc_column_inner][\/vc_row_inner][vc_row_inner][vc_column_inner][vc_empty_space height=&#8220;100px&#8220;][\/vc_column_inner][\/vc_row_inner][vc_row_inner][vc_column_inner width=&#8220;1\/4&#8243;][\/vc_column_inner][vc_column_inner width=&#8220;1\/4&#8243;][vc_column_text]<\/p>\n<ul>\n<li>Evangelische Pfarrgemeinde, Jenbach<\/li>\n<li>Landesklinikum Lilienfeld<\/li>\n<li>VS Mannagettagasse, Wien<\/li>\n<li>Superintendentur Wien Di\u00f6zese Evangelisch A.B.<\/li>\n<li>Le Salon Sardine, Wien<\/li>\n<li>Soir\u00e9e \u00e9lectrique, Wien<\/li>\n<li>Caritas Wien, Pfegeseelsorge<\/li>\n<li>Theater Ol\u00e9, Wien<\/li>\n<li>Varietekh, Wien<\/li>\n<li>Gemeinde V\u00f6cklamarkt, Ober\u00f6sterreich<\/li>\n<li>Kinderuni Graz<\/li>\n<li>Caritas am Himmel, Wien<\/li>\n<li>Weinbergkirche, Wien<\/li>\n<li>Lobby4kids, Wien<\/li>\n<li>Verein get2gether, Wien<\/li>\n<li>Erlebnisreich GmbH, Graz<\/li>\n<li>Stra\u00dfenfestival Fantastika, Freistadt<\/li>\n<li>Offene B\u00fchne Rampenschweinerei, N\u00fcrnberg<\/li>\n<li>Offene B\u00fchne Scheinbar, Berlin<\/li>\n<li>G\u00fctersloher Stra\u00dfenfiffi, Deutschland<\/li>\n<li>Teatrul Gong, Kinder- und Jugendtheater, Hermannstadt\/Sibiu, Rum\u00e4nien<\/li>\n<li>Kindertagesst\u00e4tte Heltau\/Cisnadie, Rum\u00e4nien<\/li>\n<li>Deutscher Wirtschaftsclub Siebenb\u00fcrgen, Rum\u00e4nien<\/li>\n<li>Stadtpfarre Hermannstadt\/Sibiu, Rum\u00e4nien<\/li>\n<li>Kindergarten des Deutschen Forums Hermannstadt\/Sibiu, Rum\u00e4nien<\/li>\n<li>Verein Zeit.Kultur.Zeit, Ulla Neuwirther, Wildon, Stmk.<\/li>\n<li>Firma Bruehl, Graz<\/li>\n<li>Mimenb\u00fchne, Dresden<\/li>\n<li>LAUT, Landesverband f\u00fcr au\u00dferberufliches Theater, Steiermark<\/li>\n<li>Gemeinde Krottendorf-Gaisfeld, Stmk.<\/li>\n<li>Kinderfreunde Spielberg<\/li>\n<li>VS Weixelbaum, Steiermark<\/li>\n<li>Frauenservice, Graz<\/li>\n<li>Hauptschule St. Leonhard<\/li>\n<li>Verein Tagesm\u00fctter, Steiermark<\/li>\n<li>St\u00e4dtischer Kindergarten Graz, Kalvarienbergstra\u00dfe<\/li>\n<\/ul>\n<p>[\/vc_column_text][\/vc_column_inner][vc_column_inner width=&#8220;1\/4&#8243;][vc_column_text]<\/p>\n<ul>\n<li>Evangelische Pfarre Ein\u00f6d, Villach<\/li>\n<li>Weihnachtssp\u00e4schl, Spektakel, Wien<\/li>\n<li>Lange Nacht der Kirchen, Katholische Frauenbildung, Graz<\/li>\n<li>Bunte B\u00fchne Bludenz<\/li>\n<li>1. \u00d6sterreichisches Clownfrauenfestival, Kosmostheater, Wien<\/li>\n<li>Theater Narobov, Ljubljana<\/li>\n<li>Agathe Notnagl Show, Wien<\/li>\n<li>Andino, Wien<\/li>\n<li>theaterland steiermark<\/li>\n<li>Pfarre M\u00fcnzgraben, Graz<\/li>\n<li>Elternberatung Halbenrain, Stmk<\/li>\n<li>tag-theateragenda, Graz<\/li>\n<li>VS Sacre Coeur, Graz<\/li>\n<li>Katholisches Forum Erwachsenenbildung, Wien<\/li>\n<li>Ladies Night, Kosmostheater, Wien<\/li>\n<li>HalloNachPan, Isabella Wahlh\u00fctter, St. Martin a. d. Raab<\/li>\n<li>Theater am Spittelberg, Wien<\/li>\n<li>tlc-Logistics, Graz<\/li>\n<li>Elternverein VS F\u00fcrstenfeld<\/li>\n<li>Gemeinde Feistritz ob Bleiburg, K\u00e4rnten<\/li>\n<li>Kultur beim Wirt, Weng bei Admont<\/li>\n<li>AL naturkost, Hartberg<\/li>\n<li>MICRO&amp;KLEINstKUNST-Festival, Straden, Steiermark<\/li>\n<li>Stradener Stra\u00dfenspektakel, S\u00fcdsteiermark<\/li>\n<li>Das Erlebnismanagement, HartbergInternationale Sommerakademie f\u00fcr Theater, Graz<\/li>\n<li>frida &amp; fred, Kindermuseum, Graz<\/li>\n<li>Hauptschule Gratwein<\/li>\n<li>Altenheim Schlo\u00df Weyer, Rothleiten<\/li>\n<li>Stadtb\u00fccherei, Gleisdorf<\/li>\n<li>Festival of Fiery Arts, Verein Infire, Graz<\/li>\n<li>Variet\u00e9 Freier Fall, Graz<\/li>\n<li>Wasserweltfest, Regionalforum 15, Wien<\/li>\n<li>Grazer Stadtfest, jakotopia, J\u00f6rn Heypke, Gratkorn<\/li>\n<\/ul>\n<p>[\/vc_column_text][\/vc_column_inner][vc_column_inner width=&#8220;1\/4&#8243;][\/vc_column_inner][\/vc_row_inner][\/vc_column][\/vc_row]<\/p>\n<\/section>","protected":false},"excerpt":{"rendered":"<p>[vc_row el_class=&#8220;top-row&#8220;][vc_column width=&#8220;1\/2&#8243;][vc_empty_space height=&#8220;100px&#8220;][vc_custom_heading text=&#8220;die clownin&#8220; font_container=&#8220;tag:h1|text_align:left&#8220; use_theme_fonts=&#8220;yes&#8220; el_class=&#8220;page-title&#8220; css=&#8220;.vc_custom_1592215048353{padding-bottom: 20px !important;}&#8220;][vc_column_text]Seit 2001 bin ich \u00f6ffentlich als Clownin zu sehen. Un\u00f6ffentlich seitdem ich auf der Welt bin. Ich liebe an der Clownerie die sich darin manifestierende Menschlichkeit\u00a0 und habe mich der Auslotung ihrer poetisch-skurrilen Vielschichtigkeit verschrieben. Ich gehe dem mit konsequentem Weiterarbeiten an Fragestellung und &hellip; <a href=\"http:\/\/karin-theiss.com\/?page_id=394\">Continued<\/a><\/p>\n","protected":false},"author":1,"featured_media":0,"parent":0,"menu_order":0,"comment_status":"closed","ping_status":"closed","template":"","meta":{"_acf_changed":false,"footnotes":""},"class_list":["post-394","page","type-page","status-publish","hentry"],"acf":[],"yoast_head":"<!-- This site is optimized with the Yoast SEO plugin v25.1 - https:\/\/yoast.com\/wordpress\/plugins\/seo\/ -->\n<title>die clownin - Karin Theiss<\/title>\n<meta name=\"description\" content=\"Die Clownin gibt es seit 2001.\" \/>\n<meta name=\"robots\" content=\"index, follow, max-snippet:-1, max-image-preview:large, max-video-preview:-1\" \/>\n<link rel=\"canonical\" href=\"https:\/\/karin-theiss.com\/?page_id=394\" \/>\n<meta property=\"og:locale\" content=\"de_DE\" \/>\n<meta property=\"og:type\" content=\"article\" \/>\n<meta property=\"og:title\" content=\"die clownin - Karin Theiss\" \/>\n<meta property=\"og:description\" content=\"Die Clownin gibt es seit 2001.\" \/>\n<meta property=\"og:url\" content=\"https:\/\/karin-theiss.com\/?page_id=394\" \/>\n<meta property=\"og:site_name\" content=\"Karin Theiss\" \/>\n<meta property=\"article:modified_time\" content=\"2022-03-17T12:15:16+00:00\" \/>\n<meta name=\"twitter:card\" content=\"summary_large_image\" \/>\n<meta name=\"twitter:label1\" content=\"Gesch\u00e4tzte Lesezeit\" \/>\n\t<meta name=\"twitter:data1\" content=\"5\u00a0Minuten\" \/>\n<script type=\"application\/ld+json\" class=\"yoast-schema-graph\">{\"@context\":\"https:\/\/schema.org\",\"@graph\":[{\"@type\":\"WebPage\",\"@id\":\"https:\/\/karin-theiss.com\/?page_id=394\",\"url\":\"https:\/\/karin-theiss.com\/?page_id=394\",\"name\":\"die clownin - Karin Theiss\",\"isPartOf\":{\"@id\":\"https:\/\/karin-theiss.com\/#website\"},\"datePublished\":\"2020-06-04T08:38:48+00:00\",\"dateModified\":\"2022-03-17T12:15:16+00:00\",\"description\":\"Die Clownin gibt es seit 2001.\",\"breadcrumb\":{\"@id\":\"https:\/\/karin-theiss.com\/?page_id=394#breadcrumb\"},\"inLanguage\":\"de\",\"potentialAction\":[{\"@type\":\"ReadAction\",\"target\":[\"https:\/\/karin-theiss.com\/?page_id=394\"]}]},{\"@type\":\"BreadcrumbList\",\"@id\":\"https:\/\/karin-theiss.com\/?page_id=394#breadcrumb\",\"itemListElement\":[{\"@type\":\"ListItem\",\"position\":1,\"name\":\"Home\",\"item\":\"https:\/\/karin-theiss.com\/\"},{\"@type\":\"ListItem\",\"position\":2,\"name\":\"die clownin\"}]},{\"@type\":\"WebSite\",\"@id\":\"https:\/\/karin-theiss.com\/#website\",\"url\":\"https:\/\/karin-theiss.com\/\",\"name\":\"Karin Theiss\",\"description\":\"Clownin &amp; Lehrerin\",\"publisher\":{\"@id\":\"https:\/\/karin-theiss.com\/#\/schema\/person\/9363760951dd4754c7015ef59b653c85\"},\"potentialAction\":[{\"@type\":\"SearchAction\",\"target\":{\"@type\":\"EntryPoint\",\"urlTemplate\":\"https:\/\/karin-theiss.com\/?s={search_term_string}\"},\"query-input\":{\"@type\":\"PropertyValueSpecification\",\"valueRequired\":true,\"valueName\":\"search_term_string\"}}],\"inLanguage\":\"de\"},{\"@type\":[\"Person\",\"Organization\"],\"@id\":\"https:\/\/karin-theiss.com\/#\/schema\/person\/9363760951dd4754c7015ef59b653c85\",\"name\":\"Karin Theiss\",\"logo\":{\"@id\":\"https:\/\/karin-theiss.com\/#\/schema\/person\/image\/\"},\"sameAs\":[\"http:\/\/karin-theiss.com\"]}]}<\/script>\n<!-- \/ Yoast SEO plugin. -->","yoast_head_json":{"title":"die clownin - Karin Theiss","description":"Die Clownin gibt es seit 2001.","robots":{"index":"index","follow":"follow","max-snippet":"max-snippet:-1","max-image-preview":"max-image-preview:large","max-video-preview":"max-video-preview:-1"},"canonical":"https:\/\/karin-theiss.com\/?page_id=394","og_locale":"de_DE","og_type":"article","og_title":"die clownin - Karin Theiss","og_description":"Die Clownin gibt es seit 2001.","og_url":"https:\/\/karin-theiss.com\/?page_id=394","og_site_name":"Karin Theiss","article_modified_time":"2022-03-17T12:15:16+00:00","twitter_card":"summary_large_image","twitter_misc":{"Gesch\u00e4tzte Lesezeit":"5\u00a0Minuten"},"schema":{"@context":"https:\/\/schema.org","@graph":[{"@type":"WebPage","@id":"https:\/\/karin-theiss.com\/?page_id=394","url":"https:\/\/karin-theiss.com\/?page_id=394","name":"die clownin - Karin Theiss","isPartOf":{"@id":"https:\/\/karin-theiss.com\/#website"},"datePublished":"2020-06-04T08:38:48+00:00","dateModified":"2022-03-17T12:15:16+00:00","description":"Die Clownin gibt es seit 2001.","breadcrumb":{"@id":"https:\/\/karin-theiss.com\/?page_id=394#breadcrumb"},"inLanguage":"de","potentialAction":[{"@type":"ReadAction","target":["https:\/\/karin-theiss.com\/?page_id=394"]}]},{"@type":"BreadcrumbList","@id":"https:\/\/karin-theiss.com\/?page_id=394#breadcrumb","itemListElement":[{"@type":"ListItem","position":1,"name":"Home","item":"https:\/\/karin-theiss.com\/"},{"@type":"ListItem","position":2,"name":"die clownin"}]},{"@type":"WebSite","@id":"https:\/\/karin-theiss.com\/#website","url":"https:\/\/karin-theiss.com\/","name":"Karin Theiss","description":"Clownin &amp; Lehrerin","publisher":{"@id":"https:\/\/karin-theiss.com\/#\/schema\/person\/9363760951dd4754c7015ef59b653c85"},"potentialAction":[{"@type":"SearchAction","target":{"@type":"EntryPoint","urlTemplate":"https:\/\/karin-theiss.com\/?s={search_term_string}"},"query-input":{"@type":"PropertyValueSpecification","valueRequired":true,"valueName":"search_term_string"}}],"inLanguage":"de"},{"@type":["Person","Organization"],"@id":"https:\/\/karin-theiss.com\/#\/schema\/person\/9363760951dd4754c7015ef59b653c85","name":"Karin Theiss","logo":{"@id":"https:\/\/karin-theiss.com\/#\/schema\/person\/image\/"},"sameAs":["http:\/\/karin-theiss.com"]}]}},"_links":{"self":[{"href":"http:\/\/karin-theiss.com\/index.php?rest_route=\/wp\/v2\/pages\/394","targetHints":{"allow":["GET"]}}],"collection":[{"href":"http:\/\/karin-theiss.com\/index.php?rest_route=\/wp\/v2\/pages"}],"about":[{"href":"http:\/\/karin-theiss.com\/index.php?rest_route=\/wp\/v2\/types\/page"}],"author":[{"embeddable":true,"href":"http:\/\/karin-theiss.com\/index.php?rest_route=\/wp\/v2\/users\/1"}],"replies":[{"embeddable":true,"href":"http:\/\/karin-theiss.com\/index.php?rest_route=%2Fwp%2Fv2%2Fcomments&post=394"}],"version-history":[{"count":56,"href":"http:\/\/karin-theiss.com\/index.php?rest_route=\/wp\/v2\/pages\/394\/revisions"}],"predecessor-version":[{"id":931,"href":"http:\/\/karin-theiss.com\/index.php?rest_route=\/wp\/v2\/pages\/394\/revisions\/931"}],"wp:attachment":[{"href":"http:\/\/karin-theiss.com\/index.php?rest_route=%2Fwp%2Fv2%2Fmedia&parent=394"}],"curies":[{"name":"wp","href":"https:\/\/api.w.org\/{rel}","templated":true}]}}